{"id":42,"date":"2025-02-07T13:37:42","date_gmt":"2025-02-07T13:37:42","guid":{"rendered":"https:\/\/mosin-nagant.net\/?page_id=42"},"modified":"2025-02-07T13:37:43","modified_gmt":"2025-02-07T13:37:43","slug":"auteurs","status":"publish","type":"page","link":"https:\/\/mosin-nagant.net\/ro\/auteurs\/","title":{"rendered":"Autori"},"content":{"rendered":"","protected":false},"excerpt":{"rendered":"","protected":false},"author":1,"featured_media":0,"parent":0,"menu_order":0,"comment_status":"closed","ping_status":"closed","template":"","meta":{"_acf_changed":false,"footnotes":""},"class_list":["post-42","page","type-page","status-publish","hentry"],"acf":[],"yoast_head":"<!-- This site is optimized with the Yoast SEO plugin v23.2 - https:\/\/yoast.com\/wordpress\/plugins\/seo\/ -->\n<title>Auteurs - mosin-nagant.net<\/title>\n<meta name=\"robots\" content=\"index, follow, max-snippet:-1, max-image-preview:large, max-video-preview:-1\" \/>\n<link rel=\"canonical\" href=\"https:\/\/mosin-nagant.net\/ro\/auteurs\/\" \/>\n<meta property=\"og:locale\" content=\"ro_RO\" \/>\n<meta property=\"og:type\" content=\"article\" \/>\n<meta property=\"og:title\" content=\"Auteurs - mosin-nagant.net\" \/>\n<meta property=\"og:url\" content=\"https:\/\/mosin-nagant.net\/ro\/auteurs\/\" \/>\n<meta property=\"og:site_name\" content=\"mosin-nagant.net\" \/>\n<meta property=\"article:modified_time\" content=\"2025-02-07T13:37:43+00:00\" \/>\n<meta name=\"twitter:card\" content=\"summary_large_image\" \/>\n<script type=\"application\/ld+json\" class=\"yoast-schema-graph\">{\"@context\":\"https:\/\/schema.org\",\"@graph\":[{\"@type\":\"WebPage\",\"@id\":\"https:\/\/mosin-nagant.net\/auteurs\/\",\"url\":\"https:\/\/mosin-nagant.net\/auteurs\/\",\"name\":\"Auteurs - mosin-nagant.net\",\"isPartOf\":{\"@id\":\"https:\/\/mosin-nagant.net\/#website\"},\"datePublished\":\"2025-02-07T13:37:42+00:00\",\"dateModified\":\"2025-02-07T13:37:43+00:00\",\"breadcrumb\":{\"@id\":\"https:\/\/mosin-nagant.net\/auteurs\/#breadcrumb\"},\"inLanguage\":\"ro-RO\",\"potentialAction\":[{\"@type\":\"ReadAction\",\"target\":[\"https:\/\/mosin-nagant.net\/auteurs\/\"]}]},{\"@type\":\"BreadcrumbList\",\"@id\":\"https:\/\/mosin-nagant.net\/auteurs\/#breadcrumb\",\"itemListElement\":[{\"@type\":\"ListItem\",\"position\":1,\"name\":\"Home\",\"item\":\"https:\/\/mosin-nagant.net\/\"},{\"@type\":\"ListItem\",\"position\":2,\"name\":\"Auteurs\"}]},{\"@type\":\"WebSite\",\"@id\":\"https:\/\/mosin-nagant.net\/#website\",\"url\":\"https:\/\/mosin-nagant.net\/\",\"name\":\"mosin-nagant.net\",\"description\":\"D\u00e9couvrez les pi\u00e8ces essentielles pour un look branch\u00e9 et \u00e9l\u00e9gant\",\"potentialAction\":[{\"@type\":\"SearchAction\",\"target\":{\"@type\":\"EntryPoint\",\"urlTemplate\":\"https:\/\/mosin-nagant.net\/?s={search_term_string}\"},\"query-input\":\"required name=search_term_string\"}],\"inLanguage\":\"ro-RO\"}]}<\/script>\n<!-- \/ Yoast SEO plugin. -->","yoast_head_json":{"title":"Auteurs - mosin-nagant.net","robots":{"index":"index","follow":"follow","max-snippet":"max-snippet:-1","max-image-preview":"max-image-preview:large","max-video-preview":"max-video-preview:-1"},"canonical":"https:\/\/mosin-nagant.net\/ro\/auteurs\/","og_locale":"ro_RO","og_type":"article","og_title":"Auteurs - mosin-nagant.net","og_url":"https:\/\/mosin-nagant.net\/ro\/auteurs\/","og_site_name":"mosin-nagant.net","article_modified_time":"2025-02-07T13:37:43+00:00","twitter_card":"summary_large_image","schema":{"@context":"https:\/\/schema.org","@graph":[{"@type":"WebPage","@id":"https:\/\/mosin-nagant.net\/auteurs\/","url":"https:\/\/mosin-nagant.net\/auteurs\/","name":"Auteurs - mosin-nagant.net","isPartOf":{"@id":"https:\/\/mosin-nagant.net\/#website"},"datePublished":"2025-02-07T13:37:42+00:00","dateModified":"2025-02-07T13:37:43+00:00","breadcrumb":{"@id":"https:\/\/mosin-nagant.net\/auteurs\/#breadcrumb"},"inLanguage":"ro-RO","potentialAction":[{"@type":"ReadAction","target":["https:\/\/mosin-nagant.net\/auteurs\/"]}]},{"@type":"BreadcrumbList","@id":"https:\/\/mosin-nagant.net\/auteurs\/#breadcrumb","itemListElement":[{"@type":"ListItem","position":1,"name":"Home","item":"https:\/\/mosin-nagant.net\/"},{"@type":"ListItem","position":2,"name":"Auteurs"}]},{"@type":"WebSite","@id":"https:\/\/mosin-nagant.net\/#website","url":"https:\/\/mosin-nagant.net\/","name":"mosin-nagant.net","description":"D\u00e9couvrez les pi\u00e8ces essentielles pour un look branch\u00e9 et \u00e9l\u00e9gant","potentialAction":[{"@type":"SearchAction","target":{"@type":"EntryPoint","urlTemplate":"https:\/\/mosin-nagant.net\/?s={search_term_string}"},"query-input":"required name=search_term_string"}],"inLanguage":"ro-RO"}]}},"yoast_meta":{"yoast_wpseo_title":"","yoast_wpseo_metadesc":"","yoast_wpseo_canonical":"https:\/\/mosin-nagant.net\/ro\/wp-json\/wp\/v2\/pages\/42"},"_links":{"self":[{"href":"https:\/\/mosin-nagant.net\/ro\/wp-json\/wp\/v2\/pages\/42","targetHints":{"allow":["GET"]}}],"collection":[{"href":"https:\/\/mosin-nagant.net\/ro\/wp-json\/wp\/v2\/pages"}],"about":[{"href":"https:\/\/mosin-nagant.net\/ro\/wp-json\/wp\/v2\/types\/page"}],"author":[{"embeddable":true,"href":"https:\/\/mosin-nagant.net\/ro\/wp-json\/wp\/v2\/users\/1"}],"replies":[{"embeddable":true,"href":"https:\/\/mosin-nagant.net\/ro\/wp-json\/wp\/v2\/comments?post=42"}],"version-history":[{"count":1,"href":"https:\/\/mosin-nagant.net\/ro\/wp-json\/wp\/v2\/pages\/42\/revisions"}],"predecessor-version":[{"id":46,"href":"https:\/\/mosin-nagant.net\/ro\/wp-json\/wp\/v2\/pages\/42\/revisions\/46"}],"wp:attachment":[{"href":"https:\/\/mosin-nagant.net\/ro\/wp-json\/wp\/v2\/media?parent=42"}],"curies":[{"name":"wp","href":"https:\/\/api.w.org\/{rel}","templated":true}]}}