{"id":37,"date":"2025-02-07T09:24:15","date_gmt":"2025-02-07T09:24:15","guid":{"rendered":"https:\/\/mosin-nagant.net\/contacts\/"},"modified":"2025-02-07T09:24:15","modified_gmt":"2025-02-07T09:24:15","slug":"contacts","status":"publish","type":"page","link":"https:\/\/mosin-nagant.net\/ro\/contacts\/","title":{"rendered":"Contacte"},"content":{"rendered":"<p>V\u0103 mul\u021bumim c\u0103 a\u021bi vizitat Mosin Nagant, blogul vostru de mod\u0103 \u0219i tendin\u021be. Dac\u0103 ave\u021bi \u00eentreb\u0103ri, sugestii sau solicit\u0103ri cu privire la articolele \u0219i produsele noastre, vom fi bucuro\u0219i s\u0103 primim mesajul dumneavoastr\u0103. Echipa noastr\u0103 este disponibil\u0103 s\u0103 r\u0103spund\u0103 rapid \u0219i s\u0103 v\u0103 ofere asisten\u021ba necesar\u0103.<\/p>\n<h2>Formular de contact<\/h2>\n<form action=\"\/ro\/submit_form.php\/\" method=\"POST\" data-trp-original-action=\"submit_form.php\">\n            <label for=\"name\">Nume:<\/label><br \/>\n            <input type=\"text\" id=\"name\" name=\"name\" required><\/p>\n<p>            <label for=\"email\">E-mail:<\/label><br \/>\n            <input type=\"email\" id=\"email\" name=\"email\" required><\/p>\n<p>            <label for=\"message\">Mesaj:<\/label><br \/>\n            <textarea id=\"message\" name=\"message\" rows=\"4\" required><\/textarea><\/p>\n<p>            <button type=\"submit\">Trimite<\/button><br \/>\n        <input type=\"hidden\" name=\"trp-form-language\" value=\"ro\"\/><\/form>\n<h3>Trimite\u021bi-ne un e-mail:<\/h3>\n<p>Pentru orice \u00eentreb\u0103ri sau sugestii, ne pute\u021bi contacta la <a href=\"mailto:contact@mosin-nagant.net\">contact@mosin-nagant.net<\/a>.<\/p>","protected":false},"excerpt":{"rendered":"<p>\u00ce\u021bi mul\u021bumesc c\u0103 ai vizitat Mosin Nagant, blogul t\u0103u de mod\u0103 \u0219i tendin\u021be. Dac\u0103 ai [\u2026]<\/p>","protected":false},"author":1,"featured_media":0,"parent":0,"menu_order":0,"comment_status":"closed","ping_status":"closed","template":"","meta":{"_acf_changed":false,"footnotes":""},"class_list":["post-37","page","type-page","status-publish","hentry"],"acf":[],"yoast_head":"<!-- This site is optimized with the Yoast SEO plugin v23.2 - https:\/\/yoast.com\/wordpress\/plugins\/seo\/ -->\n<title>Contacts - mosin-nagant.net<\/title>\n<meta name=\"robots\" content=\"index, follow, max-snippet:-1, max-image-preview:large, max-video-preview:-1\" \/>\n<link rel=\"canonical\" href=\"https:\/\/mosin-nagant.net\/ro\/contacts\/\" \/>\n<meta property=\"og:locale\" content=\"ro_RO\" \/>\n<meta property=\"og:type\" content=\"article\" \/>\n<meta property=\"og:title\" content=\"Contacts - mosin-nagant.net\" \/>\n<meta property=\"og:description\" content=\"Merci de visiter Mosin Nagant, votre blog de mode et de tendances. Si vous avez [&hellip;]\" \/>\n<meta property=\"og:url\" content=\"https:\/\/mosin-nagant.net\/ro\/contacts\/\" \/>\n<meta property=\"og:site_name\" content=\"mosin-nagant.net\" \/>\n<meta name=\"twitter:card\" content=\"summary_large_image\" \/>\n<script type=\"application\/ld+json\" class=\"yoast-schema-graph\">{\"@context\":\"https:\/\/schema.org\",\"@graph\":[{\"@type\":\"WebPage\",\"@id\":\"https:\/\/mosin-nagant.net\/contacts\/\",\"url\":\"https:\/\/mosin-nagant.net\/contacts\/\",\"name\":\"Contacts - mosin-nagant.net\",\"isPartOf\":{\"@id\":\"https:\/\/mosin-nagant.net\/#website\"},\"datePublished\":\"2025-02-07T09:24:15+00:00\",\"dateModified\":\"2025-02-07T09:24:15+00:00\",\"breadcrumb\":{\"@id\":\"https:\/\/mosin-nagant.net\/contacts\/#breadcrumb\"},\"inLanguage\":\"ro-RO\",\"potentialAction\":[{\"@type\":\"ReadAction\",\"target\":[\"https:\/\/mosin-nagant.net\/contacts\/\"]}]},{\"@type\":\"BreadcrumbList\",\"@id\":\"https:\/\/mosin-nagant.net\/contacts\/#breadcrumb\",\"itemListElement\":[{\"@type\":\"ListItem\",\"position\":1,\"name\":\"Home\",\"item\":\"https:\/\/mosin-nagant.net\/\"},{\"@type\":\"ListItem\",\"position\":2,\"name\":\"Contacts\"}]},{\"@type\":\"WebSite\",\"@id\":\"https:\/\/mosin-nagant.net\/#website\",\"url\":\"https:\/\/mosin-nagant.net\/\",\"name\":\"mosin-nagant.net\",\"description\":\"D\u00e9couvrez les pi\u00e8ces essentielles pour un look branch\u00e9 et \u00e9l\u00e9gant\",\"potentialAction\":[{\"@type\":\"SearchAction\",\"target\":{\"@type\":\"EntryPoint\",\"urlTemplate\":\"https:\/\/mosin-nagant.net\/?s={search_term_string}\"},\"query-input\":\"required name=search_term_string\"}],\"inLanguage\":\"ro-RO\"}]}<\/script>\n<!-- \/ Yoast SEO plugin. -->","yoast_head_json":{"title":"Contacts - mosin-nagant.net","robots":{"index":"index","follow":"follow","max-snippet":"max-snippet:-1","max-image-preview":"max-image-preview:large","max-video-preview":"max-video-preview:-1"},"canonical":"https:\/\/mosin-nagant.net\/ro\/contacts\/","og_locale":"ro_RO","og_type":"article","og_title":"Contacts - mosin-nagant.net","og_description":"Merci de visiter Mosin Nagant, votre blog de mode et de tendances. Si vous avez [&hellip;]","og_url":"https:\/\/mosin-nagant.net\/ro\/contacts\/","og_site_name":"mosin-nagant.net","twitter_card":"summary_large_image","schema":{"@context":"https:\/\/schema.org","@graph":[{"@type":"WebPage","@id":"https:\/\/mosin-nagant.net\/contacts\/","url":"https:\/\/mosin-nagant.net\/contacts\/","name":"Contacts - mosin-nagant.net","isPartOf":{"@id":"https:\/\/mosin-nagant.net\/#website"},"datePublished":"2025-02-07T09:24:15+00:00","dateModified":"2025-02-07T09:24:15+00:00","breadcrumb":{"@id":"https:\/\/mosin-nagant.net\/contacts\/#breadcrumb"},"inLanguage":"ro-RO","potentialAction":[{"@type":"ReadAction","target":["https:\/\/mosin-nagant.net\/contacts\/"]}]},{"@type":"BreadcrumbList","@id":"https:\/\/mosin-nagant.net\/contacts\/#breadcrumb","itemListElement":[{"@type":"ListItem","position":1,"name":"Home","item":"https:\/\/mosin-nagant.net\/"},{"@type":"ListItem","position":2,"name":"Contacts"}]},{"@type":"WebSite","@id":"https:\/\/mosin-nagant.net\/#website","url":"https:\/\/mosin-nagant.net\/","name":"mosin-nagant.net","description":"D\u00e9couvrez les pi\u00e8ces essentielles pour un look branch\u00e9 et \u00e9l\u00e9gant","potentialAction":[{"@type":"SearchAction","target":{"@type":"EntryPoint","urlTemplate":"https:\/\/mosin-nagant.net\/?s={search_term_string}"},"query-input":"required name=search_term_string"}],"inLanguage":"ro-RO"}]}},"yoast_meta":{"yoast_wpseo_title":"","yoast_wpseo_metadesc":"","yoast_wpseo_canonical":"https:\/\/mosin-nagant.net\/ro\/wp-json\/wp\/v2\/pages\/37"},"_links":{"self":[{"href":"https:\/\/mosin-nagant.net\/ro\/wp-json\/wp\/v2\/pages\/37","targetHints":{"allow":["GET"]}}],"collection":[{"href":"https:\/\/mosin-nagant.net\/ro\/wp-json\/wp\/v2\/pages"}],"about":[{"href":"https:\/\/mosin-nagant.net\/ro\/wp-json\/wp\/v2\/types\/page"}],"author":[{"embeddable":true,"href":"https:\/\/mosin-nagant.net\/ro\/wp-json\/wp\/v2\/users\/1"}],"replies":[{"embeddable":true,"href":"https:\/\/mosin-nagant.net\/ro\/wp-json\/wp\/v2\/comments?post=37"}],"version-history":[{"count":0,"href":"https:\/\/mosin-nagant.net\/ro\/wp-json\/wp\/v2\/pages\/37\/revisions"}],"wp:attachment":[{"href":"https:\/\/mosin-nagant.net\/ro\/wp-json\/wp\/v2\/media?parent=37"}],"curies":[{"name":"wp","href":"https:\/\/api.w.org\/{rel}","templated":true}]}}